{"id":438,"date":"2025-01-01T00:00:36","date_gmt":"2025-01-01T00:00:36","guid":{"rendered":"https:\/\/lastcall.feastdev.co.uk\/homepage\/"},"modified":"2025-12-15T17:50:57","modified_gmt":"2025-12-15T17:50:57","slug":"homepage","status":"publish","type":"page","link":"https:\/\/lastcalltheplay.com\/de\/","title":{"rendered":"Homepage"},"content":{"rendered":"<div id=\"cs-content\" class=\"cs-content\"><\/div>\n","protected":false},"excerpt":{"rendered":"<p>ZWEI MUSIKLEGENDEN\u2018Last Call is a fantastic experience for the classical music nerd\u2019Pages on Stages\u2018A tour-de-force achievement\u2019Theater PizzazzFRANK BLASE &amp; MARC SCHNEIDERPR\u00c4SENTIERENEIN NEUES ST\u00dcCK vonPETER D\u00c4NISCHUnter der Regie vonGil MehmertProduziert vonApiro UnterhaltungDemn\u00e4chstBl\u00e4ttern SieEIN LETZTER TRINKENZWEI MUSIKLEGENDEN.EINEN LETZTEN DRINK.FRANK BLASE &amp;MARC SCHNEIDERPR\u00c4SENTIERENEIN NEUES ST\u00dcCK VONPETER D\u00c4NISCHDIREKTORGIL MEHMERTWELTPREMIERE12. M\u00c4RZ &#8211; 4. MAI 2025Bl\u00e4ttern SieEin halbes Jahrhundert lang waren Leonard Bernstein und Herbert von &#8230; <\/p>\n<div><a href=\"https:\/\/lastcalltheplay.com\/de\/\" class=\"more-link\">Read More<\/a><\/div>\n","protected":false},"author":1,"featured_media":0,"parent":0,"menu_order":10,"comment_status":"closed","ping_status":"closed","template":"template-blank-4.php","meta":{"_acf_changed":false,"footnotes":""},"class_list":["post-438","page","type-page","status-publish","hentry","no-post-thumbnail"],"acf":[],"yoast_head":"<!-- This site is optimized with the Yoast SEO plugin v27.4 - https:\/\/yoast.com\/product\/yoast-seo-wordpress\/ -->\n<title>Last Call Das Theaterst\u00fcck - New World Stages<\/title>\n<meta name=\"description\" content=\"Leonard Bernstein und Herbert von Karajan waren die weltweit bekanntesten Pers\u00f6nlichkeiten der klassischen Musik und die sch\u00e4rfsten Rivalen. Letzter Aufruf.\" \/>\n<meta name=\"robots\" content=\"index, follow, max-snippet:-1, max-image-preview:large, max-video-preview:-1\" \/>\n<link rel=\"canonical\" href=\"https:\/\/lastcalltheplay.com\/de\/\" \/>\n<meta property=\"og:locale\" content=\"de_DE\" \/>\n<meta property=\"og:type\" content=\"article\" \/>\n<meta property=\"og:title\" content=\"Last Call Das Theaterst\u00fcck - New World Stages\" \/>\n<meta property=\"og:description\" content=\"Leonard Bernstein und Herbert von Karajan waren die weltweit bekanntesten Pers\u00f6nlichkeiten der klassischen Musik und die sch\u00e4rfsten Rivalen. Letzter Aufruf.\" \/>\n<meta property=\"og:url\" content=\"https:\/\/lastcalltheplay.com\/de\/\" \/>\n<meta property=\"og:site_name\" content=\"Last Call\" \/>\n<meta property=\"article:publisher\" content=\"https:\/\/www.facebook.com\/people\/Last-Call\/61568318951704\/\" \/>\n<meta property=\"article:modified_time\" content=\"2025-12-15T17:50:57+00:00\" \/>\n<meta property=\"og:image\" content=\"https:\/\/lastcalltheplay.com\/wp-content\/uploads\/8247_01_LC_Website_1200x675-1024x576.jpg\" \/>\n<meta name=\"twitter:card\" content=\"summary_large_image\" \/>\n<meta name=\"twitter:title\" content=\"Last Call Das Theaterst\u00fcck - New World Stages\" \/>\n<meta name=\"twitter:description\" content=\"Leonard Bernstein und Herbert von Karajan waren die weltweit bekanntesten Pers\u00f6nlichkeiten der klassischen Musik und die sch\u00e4rfsten Rivalen. Letzter Aufruf.\" \/>\n<meta name=\"twitter:image\" content=\"https:\/\/lastcalltheplay.com\/wp-content\/uploads\/8247_01_LC_Website_1200x675-1024x576.jpg\" \/>\n<meta name=\"twitter:label1\" content=\"Gesch\u00e4tzte Lesezeit\" \/>\n\t<meta name=\"twitter:data1\" content=\"7\u00a0Minuten\" \/>\n<script type=\"application\/ld+json\" class=\"yoast-schema-graph\">{\"@context\":\"https:\\\/\\\/schema.org\",\"@graph\":[{\"@type\":\"WebPage\",\"@id\":\"https:\\\/\\\/lastcalltheplay.com\\\/de\\\/\",\"url\":\"https:\\\/\\\/lastcalltheplay.com\\\/de\\\/\",\"name\":\"Last Call Das Theaterst\u00fcck - New World Stages\",\"isPartOf\":{\"@id\":\"https:\\\/\\\/lastcalltheplay.com\\\/de\\\/#website\"},\"datePublished\":\"2025-01-01T00:00:36+00:00\",\"dateModified\":\"2025-12-15T17:50:57+00:00\",\"description\":\"Leonard Bernstein und Herbert von Karajan waren die weltweit bekanntesten Pers\u00f6nlichkeiten der klassischen Musik und die sch\u00e4rfsten Rivalen. Letzter Aufruf.\",\"breadcrumb\":{\"@id\":\"https:\\\/\\\/lastcalltheplay.com\\\/de\\\/#breadcrumb\"},\"inLanguage\":\"de\",\"potentialAction\":[{\"@type\":\"ReadAction\",\"target\":[\"https:\\\/\\\/lastcalltheplay.com\\\/de\\\/\"]}]},{\"@type\":\"BreadcrumbList\",\"@id\":\"https:\\\/\\\/lastcalltheplay.com\\\/de\\\/#breadcrumb\",\"itemListElement\":[{\"@type\":\"ListItem\",\"position\":1,\"name\":\"Startseite\",\"item\":\"https:\\\/\\\/lastcalltheplay.com\\\/de\\\/homepage\\\/\"},{\"@type\":\"ListItem\",\"position\":2,\"name\":\"Homepage\"}]},{\"@type\":\"WebSite\",\"@id\":\"https:\\\/\\\/lastcalltheplay.com\\\/de\\\/#website\",\"url\":\"https:\\\/\\\/lastcalltheplay.com\\\/de\\\/\",\"name\":\"Last Call\",\"description\":\"\",\"publisher\":{\"@id\":\"https:\\\/\\\/lastcalltheplay.com\\\/de\\\/#organization\"},\"potentialAction\":[{\"@type\":\"SearchAction\",\"target\":{\"@type\":\"EntryPoint\",\"urlTemplate\":\"https:\\\/\\\/lastcalltheplay.com\\\/de\\\/?s={search_term_string}\"},\"query-input\":{\"@type\":\"PropertyValueSpecification\",\"valueRequired\":true,\"valueName\":\"search_term_string\"}}],\"inLanguage\":\"de\"},{\"@type\":\"Organization\",\"@id\":\"https:\\\/\\\/lastcalltheplay.com\\\/de\\\/#organization\",\"name\":\"Letzter Aufruf\",\"url\":\"https:\\\/\\\/lastcalltheplay.com\\\/de\\\/\",\"logo\":{\"@type\":\"ImageObject\",\"inLanguage\":\"de\",\"@id\":\"https:\\\/\\\/lastcalltheplay.com\\\/de\\\/#\\\/schema\\\/logo\\\/image\\\/\",\"url\":\"https:\\\/\\\/lastcalltheplay.com\\\/wp-content\\\/uploads\\\/8247_01_LC_Website_696x696.jpg\",\"contentUrl\":\"https:\\\/\\\/lastcalltheplay.com\\\/wp-content\\\/uploads\\\/8247_01_LC_Website_696x696.jpg\",\"width\":696,\"height\":696,\"caption\":\"Letzter Aufruf\"},\"image\":{\"@id\":\"https:\\\/\\\/lastcalltheplay.com\\\/de\\\/#\\\/schema\\\/logo\\\/image\\\/\"},\"sameAs\":[\"https:\\\/\\\/www.facebook.com\\\/people\\\/Last-Call\\\/61568318951704\\\/\",\"https:\\\/\\\/www.instagram.com\\\/lastcallplay\\\/?utm_source=ig_web_button_share_sheet\"]}]}<\/script>\n<!-- \/ Yoast SEO plugin. -->","yoast_head_json":{"title":"Last Call Das Theaterst\u00fcck - New World Stages","description":"Leonard Bernstein und Herbert von Karajan waren die weltweit bekanntesten Pers\u00f6nlichkeiten der klassischen Musik und die sch\u00e4rfsten Rivalen. Letzter Aufruf.","robots":{"index":"index","follow":"follow","max-snippet":"max-snippet:-1","max-image-preview":"max-image-preview:large","max-video-preview":"max-video-preview:-1"},"canonical":"https:\/\/lastcalltheplay.com\/de\/","og_locale":"de_DE","og_type":"article","og_title":"Last Call Das Theaterst\u00fcck - New World Stages","og_description":"Leonard Bernstein und Herbert von Karajan waren die weltweit bekanntesten Pers\u00f6nlichkeiten der klassischen Musik und die sch\u00e4rfsten Rivalen. Letzter Aufruf.","og_url":"https:\/\/lastcalltheplay.com\/de\/","og_site_name":"Last Call","article_publisher":"https:\/\/www.facebook.com\/people\/Last-Call\/61568318951704\/","article_modified_time":"2025-12-15T17:50:57+00:00","og_image":[{"url":"https:\/\/lastcalltheplay.com\/wp-content\/uploads\/8247_01_LC_Website_1200x675-1024x576.jpg","type":"","width":"","height":""}],"twitter_card":"summary_large_image","twitter_title":"Last Call Das Theaterst\u00fcck - New World Stages","twitter_description":"Leonard Bernstein und Herbert von Karajan waren die weltweit bekanntesten Pers\u00f6nlichkeiten der klassischen Musik und die sch\u00e4rfsten Rivalen. Letzter Aufruf.","twitter_image":"https:\/\/lastcalltheplay.com\/wp-content\/uploads\/8247_01_LC_Website_1200x675-1024x576.jpg","twitter_misc":{"Gesch\u00e4tzte Lesezeit":"7\u00a0Minuten"},"schema":{"@context":"https:\/\/schema.org","@graph":[{"@type":"WebPage","@id":"https:\/\/lastcalltheplay.com\/de\/","url":"https:\/\/lastcalltheplay.com\/de\/","name":"Last Call Das Theaterst\u00fcck - New World Stages","isPartOf":{"@id":"https:\/\/lastcalltheplay.com\/de\/#website"},"datePublished":"2025-01-01T00:00:36+00:00","dateModified":"2025-12-15T17:50:57+00:00","description":"Leonard Bernstein und Herbert von Karajan waren die weltweit bekanntesten Pers\u00f6nlichkeiten der klassischen Musik und die sch\u00e4rfsten Rivalen. Letzter Aufruf.","breadcrumb":{"@id":"https:\/\/lastcalltheplay.com\/de\/#breadcrumb"},"inLanguage":"de","potentialAction":[{"@type":"ReadAction","target":["https:\/\/lastcalltheplay.com\/de\/"]}]},{"@type":"BreadcrumbList","@id":"https:\/\/lastcalltheplay.com\/de\/#breadcrumb","itemListElement":[{"@type":"ListItem","position":1,"name":"Startseite","item":"https:\/\/lastcalltheplay.com\/de\/homepage\/"},{"@type":"ListItem","position":2,"name":"Homepage"}]},{"@type":"WebSite","@id":"https:\/\/lastcalltheplay.com\/de\/#website","url":"https:\/\/lastcalltheplay.com\/de\/","name":"Last Call","description":"","publisher":{"@id":"https:\/\/lastcalltheplay.com\/de\/#organization"},"potentialAction":[{"@type":"SearchAction","target":{"@type":"EntryPoint","urlTemplate":"https:\/\/lastcalltheplay.com\/de\/?s={search_term_string}"},"query-input":{"@type":"PropertyValueSpecification","valueRequired":true,"valueName":"search_term_string"}}],"inLanguage":"de"},{"@type":"Organization","@id":"https:\/\/lastcalltheplay.com\/de\/#organization","name":"Letzter Aufruf","url":"https:\/\/lastcalltheplay.com\/de\/","logo":{"@type":"ImageObject","inLanguage":"de","@id":"https:\/\/lastcalltheplay.com\/de\/#\/schema\/logo\/image\/","url":"https:\/\/lastcalltheplay.com\/wp-content\/uploads\/8247_01_LC_Website_696x696.jpg","contentUrl":"https:\/\/lastcalltheplay.com\/wp-content\/uploads\/8247_01_LC_Website_696x696.jpg","width":696,"height":696,"caption":"Letzter Aufruf"},"image":{"@id":"https:\/\/lastcalltheplay.com\/de\/#\/schema\/logo\/image\/"},"sameAs":["https:\/\/www.facebook.com\/people\/Last-Call\/61568318951704\/","https:\/\/www.instagram.com\/lastcallplay\/?utm_source=ig_web_button_share_sheet"]}]}},"_links":{"self":[{"href":"https:\/\/lastcalltheplay.com\/de\/wp-json\/wp\/v2\/pages\/438","targetHints":{"allow":["GET"]}}],"collection":[{"href":"https:\/\/lastcalltheplay.com\/de\/wp-json\/wp\/v2\/pages"}],"about":[{"href":"https:\/\/lastcalltheplay.com\/de\/wp-json\/wp\/v2\/types\/page"}],"author":[{"embeddable":true,"href":"https:\/\/lastcalltheplay.com\/de\/wp-json\/wp\/v2\/users\/1"}],"replies":[{"embeddable":true,"href":"https:\/\/lastcalltheplay.com\/de\/wp-json\/wp\/v2\/comments?post=438"}],"version-history":[{"count":13,"href":"https:\/\/lastcalltheplay.com\/de\/wp-json\/wp\/v2\/pages\/438\/revisions"}],"predecessor-version":[{"id":493,"href":"https:\/\/lastcalltheplay.com\/de\/wp-json\/wp\/v2\/pages\/438\/revisions\/493"}],"wp:attachment":[{"href":"https:\/\/lastcalltheplay.com\/de\/wp-json\/wp\/v2\/media?parent=438"}],"curies":[{"name":"wp","href":"https:\/\/api.w.org\/{rel}","templated":true}]}}