{"id":428,"date":"2024-12-10T14:51:51","date_gmt":"2024-12-10T14:51:51","guid":{"rendered":"https:\/\/lastcall.feastdev.co.uk\/erklaerung-zum-datenschutz\/"},"modified":"2025-05-16T09:14:31","modified_gmt":"2025-05-16T09:14:31","slug":"erklaerung-zum-datenschutz","status":"publish","type":"page","link":"https:\/\/lastcalltheplay.com\/de\/erklaerung-zum-datenschutz\/","title":{"rendered":"Erkl\u00e4rung zum Datenschutz"},"content":{"rendered":"\n<!-- Legal document generated by Complianz | GDPR\/CCPA Cookie Consent https:\/\/wordpress.org\/plugins\/complianz-gdpr -->\n<div id=\"cmplz-document\" class=\"cmplz-document privacy-statement cmplz-document-us\"><p><i>This privacy statement was last changed on 30. Dezember 2025, last checked on 30. Dezember 2025, and applies to citizens and legal permanent residents of the United States.<\/i><br \/><br \/><\/p><p>In this privacy statement, we explain what we do with the data we obtain about you via <a href=\"https:\/\/lastcalltheplay.com\/de\/\">https:\/\/lastcalltheplay.com\/de\/<\/a>. We recommend you carefully read this statement. In our processing we comply with the requirements of privacy legislation. That means, among other things, that:<ul>\n                <li>we clearly state the purposes for which we process personal data. We do this by means of this privacy statement;<\/li>\n                <li>we aim to limit our collection of personal data to only the personal data required for legitimate purposes;<\/li>\n                <li>we first request your explicit consent to process your personal data in cases requiring your consent;<\/li>\n                <li>we take appropriate security measures to protect your personal data and also require this from parties that process personal data on our behalf;<\/li>\n                <li>we respect your right to access your personal data or have it corrected or deleted, at your request.<\/li>\n            <\/ul><\/p><p>If you have any questions, or want to know exactly what data we keep of you, please contact us.<\/p><h2>1. Zweck und Kategorien von Daten<\/h2><p>Wir k\u00f6nnen personenbezogene Daten f\u00fcr eine Reihe von Zwecken im Zusammenhang mit unserer Gesch\u00e4ftst\u00e4tigkeit sammeln oder erhalten, darunter die folgenden: (zum Vergr\u00f6\u00dfern anklicken)<\/b><\/p><details class=\"cmplz-dropdown dropdown-privacy-statement\"><summary><div><h3>1.1 Erstellung und Analyse von Statistiken zur Verbesserung der Website.<\/h3><\/div><\/summary><p class=\"cmplz-subtitle\">Die folgenden Datenkategorien werden erfasst<\/p><p><ul><li>Informationen \u00fcber Internetaktivit\u00e4ten, einschlie\u00dflich, aber nicht ausschlie\u00dflich, Browserverlauf, Suchverlauf und Informationen \u00fcber die Interaktionen des Kunden mit einer Internetseite, einem Programm oder einer Werbung<\/li><\/ul><\/p><p class=\"cmplz-subtitle\">Bewahrungsfrist<\/p><p>Wir speichern diese Daten bis zur Beendigung des Dienstes.<\/p><\/details><h2>2. Sharing with other parties<\/h2><p>We only share or disclose this data to other recipients for the following purposes:<\/p><h2>3. Disclosure practices<\/h2><p><p>Wir legen personenbezogene Daten offen, wenn wir gesetzlich oder per Gerichtsbeschluss dazu verpflichtet sind, z. B. auf Anforderung einer Strafverfolgungsbeh\u00f6rde, soweit dies im Rahmen der gesetzlichen Bestimmungen zul\u00e4ssig ist, um Ausk\u00fcnfte zu erteilen, oder f\u00fcr eine Untersuchung in einer Angelegenheit, die die \u00f6ffentliche Sicherheit betrifft.<\/p><p>Wenn unsere Website oder unser Unternehmen im Rahmen einer Fusion oder \u00dcbernahme \u00fcbernommen oder verkauft wird, k\u00f6nnen deinen Daten unseren Beratern und potenziellen K\u00e4ufern offengelegt und an die neuen Eigent\u00fcmer \u00fcbermittelt werden.<\/p><\/p><h2>4. How we respond to Do Not Track signals &amp; Global Privacy Control <\/h2><p>Our website does not respond to and does not support the Do Not Track (DNT) header request field.<\/p><h2>5. Cookies<\/h2><p>Our website uses cookies. For more information about cookies, please refer to our Cookie Policy on our <a href=\"https:\/\/lastcalltheplay.com\/de\/opt-out-einstellungen\/\">Opt-out-Einstellungen<\/a> webpage.&nbsp;<\/p><p>We have concluded a data processing agreement with Google.<\/p><h2>6. Security<\/h2><p>We are committed to the security of personal data. We take appropriate security measures to limit abuse of and unauthorized access to personal data. This ensures that only the necessary persons have access to your data, that access to the data is protected, and that our security measures are regularly reviewed.<\/p><h2>7. Third-party websites<\/h2><p>This privacy statement does not apply to third-party websites connected by links on our website. We cannot guarantee that these third parties handle your personal data in a reliable or secure manner. We recommend you read the privacy statements of these websites prior to making use of these websites.<\/p><h2>8. Amendments to this privacy statement<\/h2><p>We reserve the right to make amendments to this privacy statement. It is recommended that you consult this privacy statement regularly in order to be aware of any changes. In addition, we will actively inform you wherever possible.<\/p><h2>9. Accessing and modifying your data<\/h2><p>If you have any questions or want to know which personal data we have about you, please contact us. Please make sure to always clearly state who you are, so that we can be certain that we do not modify or delete any data of the wrong person. We shall provide the requested information only upon receipt of a verifiable consumer request. You can contact us by using the information below. You have the following rights:<\/p><p class=\"cmplz-subtitle\">9.1 You have the following rights with respect to your personal data<\/p><ol class=\"alphabetic\">\n                        <li>You may submit a request for access to the data we process about you.<\/li>\n                        <li>You may object to the processing.<\/li>\n                        <li>You may request an overview, in a commonly used format, of the data we process about you.<\/li>\n                        <li>You may request correction or deletion of the data if it is incorrect or not or no longer relevant, or to ask to restrict the processing of the data.<\/li>\n                        <li>You may appeal our decision whenever we refuse to take action on a request and submit a complaint with the competent authority if your appeal is denied.<\/li>\n                      <\/ol><h2>10. Children<\/h2><p>Our website is not designed to attract children and it is not our intent to collect personal data from children under the age of consent in their country of residence. We therefore request that children under the age of consent do not submit any personal data to us.<\/p><h2>11. Contact details<\/h2><p>LAST CALL THE PLAY LLC<br \/>\n        1650 Broadway Suite 1002, NY NY 10019 USA<br \/>\n        Vereinigte Staaten von Amerika<br \/>\n        Website: <a href=\"https:\/\/lastcalltheplay.com\/de\/\">https:\/\/lastcalltheplay.com\/de\/<\/a> <br \/>\n        Email: <span class=\"cmplz-obfuscate\">&#115;u&#112;&#112;&#111;rt@<span class=\"cmplz-fmail-domain\">&#101;x.&#099;&#111;&#109;<\/span>la&#115;&#116;c&#097;&#108;l&#116;hep&#108;ay.c&#111;m<\/span> <br \/>\n        <br \/>\n        <\/p><\/div>","protected":false},"excerpt":{"rendered":"","protected":false},"author":1,"featured_media":0,"parent":0,"menu_order":0,"comment_status":"closed","ping_status":"closed","template":"","meta":{"_acf_changed":false,"footnotes":""},"class_list":["post-428","page","type-page","status-publish","hentry","no-post-thumbnail"],"acf":[],"yoast_head":"<!-- This site is optimized with the Yoast SEO plugin v27.4 - https:\/\/yoast.com\/product\/yoast-seo-wordpress\/ -->\n<title>Erkl\u00e4rung zum Datenschutz - Last Call<\/title>\n<meta name=\"robots\" content=\"index, follow, max-snippet:-1, max-image-preview:large, max-video-preview:-1\" \/>\n<link rel=\"canonical\" href=\"https:\/\/lastcalltheplay.com\/de\/erklaerung-zum-datenschutz\/\" \/>\n<meta property=\"og:locale\" content=\"de_DE\" \/>\n<meta property=\"og:type\" content=\"article\" \/>\n<meta property=\"og:title\" content=\"Erkl\u00e4rung zum Datenschutz - Last Call\" \/>\n<meta property=\"og:url\" content=\"https:\/\/lastcalltheplay.com\/de\/erklaerung-zum-datenschutz\/\" \/>\n<meta property=\"og:site_name\" content=\"Last Call\" \/>\n<meta property=\"article:publisher\" content=\"https:\/\/www.facebook.com\/people\/Last-Call\/61568318951704\/\" \/>\n<meta property=\"article:modified_time\" content=\"2025-05-16T09:14:31+00:00\" \/>\n<meta property=\"og:image\" content=\"https:\/\/lastcalltheplay.com\/wp-content\/uploads\/8247_01_LC_Website_1200x675.jpg\" \/>\n\t<meta property=\"og:image:width\" content=\"1200\" \/>\n\t<meta property=\"og:image:height\" content=\"675\" \/>\n\t<meta property=\"og:image:type\" content=\"image\/jpeg\" \/>\n<meta name=\"twitter:card\" content=\"summary_large_image\" \/>\n<script type=\"application\/ld+json\" class=\"yoast-schema-graph\">{\"@context\":\"https:\\\/\\\/schema.org\",\"@graph\":[{\"@type\":\"WebPage\",\"@id\":\"https:\\\/\\\/lastcalltheplay.com\\\/de\\\/erklaerung-zum-datenschutz\\\/\",\"url\":\"https:\\\/\\\/lastcalltheplay.com\\\/de\\\/erklaerung-zum-datenschutz\\\/\",\"name\":\"Erkl\u00e4rung zum Datenschutz - Last Call\",\"isPartOf\":{\"@id\":\"https:\\\/\\\/lastcalltheplay.com\\\/de\\\/#website\"},\"datePublished\":\"2024-12-10T14:51:51+00:00\",\"dateModified\":\"2025-05-16T09:14:31+00:00\",\"breadcrumb\":{\"@id\":\"https:\\\/\\\/lastcalltheplay.com\\\/de\\\/erklaerung-zum-datenschutz\\\/#breadcrumb\"},\"inLanguage\":\"de\",\"potentialAction\":[{\"@type\":\"ReadAction\",\"target\":[\"https:\\\/\\\/lastcalltheplay.com\\\/de\\\/erklaerung-zum-datenschutz\\\/\"]}]},{\"@type\":\"BreadcrumbList\",\"@id\":\"https:\\\/\\\/lastcalltheplay.com\\\/de\\\/erklaerung-zum-datenschutz\\\/#breadcrumb\",\"itemListElement\":[{\"@type\":\"ListItem\",\"position\":1,\"name\":\"Startseite\",\"item\":\"https:\\\/\\\/lastcalltheplay.com\\\/de\\\/homepage\\\/\"},{\"@type\":\"ListItem\",\"position\":2,\"name\":\"Erkl\u00e4rung zum Datenschutz\"}]},{\"@type\":\"WebSite\",\"@id\":\"https:\\\/\\\/lastcalltheplay.com\\\/de\\\/#website\",\"url\":\"https:\\\/\\\/lastcalltheplay.com\\\/de\\\/\",\"name\":\"Last Call\",\"description\":\"\",\"publisher\":{\"@id\":\"https:\\\/\\\/lastcalltheplay.com\\\/de\\\/#organization\"},\"potentialAction\":[{\"@type\":\"SearchAction\",\"target\":{\"@type\":\"EntryPoint\",\"urlTemplate\":\"https:\\\/\\\/lastcalltheplay.com\\\/de\\\/?s={search_term_string}\"},\"query-input\":{\"@type\":\"PropertyValueSpecification\",\"valueRequired\":true,\"valueName\":\"search_term_string\"}}],\"inLanguage\":\"de\"},{\"@type\":\"Organization\",\"@id\":\"https:\\\/\\\/lastcalltheplay.com\\\/de\\\/#organization\",\"name\":\"Letzter Aufruf\",\"url\":\"https:\\\/\\\/lastcalltheplay.com\\\/de\\\/\",\"logo\":{\"@type\":\"ImageObject\",\"inLanguage\":\"de\",\"@id\":\"https:\\\/\\\/lastcalltheplay.com\\\/de\\\/#\\\/schema\\\/logo\\\/image\\\/\",\"url\":\"https:\\\/\\\/lastcalltheplay.com\\\/wp-content\\\/uploads\\\/8247_01_LC_Website_696x696.jpg\",\"contentUrl\":\"https:\\\/\\\/lastcalltheplay.com\\\/wp-content\\\/uploads\\\/8247_01_LC_Website_696x696.jpg\",\"width\":696,\"height\":696,\"caption\":\"Letzter Aufruf\"},\"image\":{\"@id\":\"https:\\\/\\\/lastcalltheplay.com\\\/de\\\/#\\\/schema\\\/logo\\\/image\\\/\"},\"sameAs\":[\"https:\\\/\\\/www.facebook.com\\\/people\\\/Last-Call\\\/61568318951704\\\/\",\"https:\\\/\\\/www.instagram.com\\\/lastcallplay\\\/?utm_source=ig_web_button_share_sheet\"]}]}<\/script>\n<!-- \/ Yoast SEO plugin. -->","yoast_head_json":{"title":"Erkl\u00e4rung zum Datenschutz - Last Call","robots":{"index":"index","follow":"follow","max-snippet":"max-snippet:-1","max-image-preview":"max-image-preview:large","max-video-preview":"max-video-preview:-1"},"canonical":"https:\/\/lastcalltheplay.com\/de\/erklaerung-zum-datenschutz\/","og_locale":"de_DE","og_type":"article","og_title":"Erkl\u00e4rung zum Datenschutz - Last Call","og_url":"https:\/\/lastcalltheplay.com\/de\/erklaerung-zum-datenschutz\/","og_site_name":"Last Call","article_publisher":"https:\/\/www.facebook.com\/people\/Last-Call\/61568318951704\/","article_modified_time":"2025-05-16T09:14:31+00:00","og_image":[{"width":1200,"height":675,"url":"https:\/\/lastcalltheplay.com\/wp-content\/uploads\/8247_01_LC_Website_1200x675.jpg","type":"image\/jpeg"}],"twitter_card":"summary_large_image","schema":{"@context":"https:\/\/schema.org","@graph":[{"@type":"WebPage","@id":"https:\/\/lastcalltheplay.com\/de\/erklaerung-zum-datenschutz\/","url":"https:\/\/lastcalltheplay.com\/de\/erklaerung-zum-datenschutz\/","name":"Erkl\u00e4rung zum Datenschutz - Last Call","isPartOf":{"@id":"https:\/\/lastcalltheplay.com\/de\/#website"},"datePublished":"2024-12-10T14:51:51+00:00","dateModified":"2025-05-16T09:14:31+00:00","breadcrumb":{"@id":"https:\/\/lastcalltheplay.com\/de\/erklaerung-zum-datenschutz\/#breadcrumb"},"inLanguage":"de","potentialAction":[{"@type":"ReadAction","target":["https:\/\/lastcalltheplay.com\/de\/erklaerung-zum-datenschutz\/"]}]},{"@type":"BreadcrumbList","@id":"https:\/\/lastcalltheplay.com\/de\/erklaerung-zum-datenschutz\/#breadcrumb","itemListElement":[{"@type":"ListItem","position":1,"name":"Startseite","item":"https:\/\/lastcalltheplay.com\/de\/homepage\/"},{"@type":"ListItem","position":2,"name":"Erkl\u00e4rung zum Datenschutz"}]},{"@type":"WebSite","@id":"https:\/\/lastcalltheplay.com\/de\/#website","url":"https:\/\/lastcalltheplay.com\/de\/","name":"Last Call","description":"","publisher":{"@id":"https:\/\/lastcalltheplay.com\/de\/#organization"},"potentialAction":[{"@type":"SearchAction","target":{"@type":"EntryPoint","urlTemplate":"https:\/\/lastcalltheplay.com\/de\/?s={search_term_string}"},"query-input":{"@type":"PropertyValueSpecification","valueRequired":true,"valueName":"search_term_string"}}],"inLanguage":"de"},{"@type":"Organization","@id":"https:\/\/lastcalltheplay.com\/de\/#organization","name":"Letzter Aufruf","url":"https:\/\/lastcalltheplay.com\/de\/","logo":{"@type":"ImageObject","inLanguage":"de","@id":"https:\/\/lastcalltheplay.com\/de\/#\/schema\/logo\/image\/","url":"https:\/\/lastcalltheplay.com\/wp-content\/uploads\/8247_01_LC_Website_696x696.jpg","contentUrl":"https:\/\/lastcalltheplay.com\/wp-content\/uploads\/8247_01_LC_Website_696x696.jpg","width":696,"height":696,"caption":"Letzter Aufruf"},"image":{"@id":"https:\/\/lastcalltheplay.com\/de\/#\/schema\/logo\/image\/"},"sameAs":["https:\/\/www.facebook.com\/people\/Last-Call\/61568318951704\/","https:\/\/www.instagram.com\/lastcallplay\/?utm_source=ig_web_button_share_sheet"]}]}},"_links":{"self":[{"href":"https:\/\/lastcalltheplay.com\/de\/wp-json\/wp\/v2\/pages\/428","targetHints":{"allow":["GET"]}}],"collection":[{"href":"https:\/\/lastcalltheplay.com\/de\/wp-json\/wp\/v2\/pages"}],"about":[{"href":"https:\/\/lastcalltheplay.com\/de\/wp-json\/wp\/v2\/types\/page"}],"author":[{"embeddable":true,"href":"https:\/\/lastcalltheplay.com\/de\/wp-json\/wp\/v2\/users\/1"}],"replies":[{"embeddable":true,"href":"https:\/\/lastcalltheplay.com\/de\/wp-json\/wp\/v2\/comments?post=428"}],"version-history":[{"count":1,"href":"https:\/\/lastcalltheplay.com\/de\/wp-json\/wp\/v2\/pages\/428\/revisions"}],"predecessor-version":[{"id":429,"href":"https:\/\/lastcalltheplay.com\/de\/wp-json\/wp\/v2\/pages\/428\/revisions\/429"}],"wp:attachment":[{"href":"https:\/\/lastcalltheplay.com\/de\/wp-json\/wp\/v2\/media?parent=428"}],"curies":[{"name":"wp","href":"https:\/\/api.w.org\/{rel}","templated":true}]}}