{"id":426,"date":"2025-01-01T00:00:50","date_gmt":"2025-01-01T00:00:50","guid":{"rendered":"https:\/\/lastcall.feastdev.co.uk\/medien-kopie\/"},"modified":"2025-05-16T09:21:30","modified_gmt":"2025-05-16T09:21:30","slug":"medien-kopie","status":"publish","type":"page","link":"https:\/\/lastcalltheplay.com\/de\/medien-kopie\/","title":{"rendered":"Medien"},"content":{"rendered":"<div id=\"cs-content\" class=\"cs-content\"><\/div>\n","protected":false},"excerpt":{"rendered":"<p>Medien Anh\u00e4ngerLucca Z\u00fcchnerHelen SchneiderPeter D\u00e4nischPRESSEPAUSEN AUSTRIAN CULTURAL FORUM NY (@ACFNY VIA INSTAGRAM), 04\/24\/2025Mehr lesenPLAYBILL, 04\/21\/2025\u201cLast Chance: Schedule of Upcoming Broadway and Off-Broadway Show Closings\u201d Mehr lesenBROADWAYWORLD, 04\/18\/2025\u201cPhotos: Austrian Consul General Visit LAST CALL At New World Stages\u201d Mehr lesenPLAYBILL, 04\/17\/2025\u201c5 Off-Broadway Shows You Can See for Under $100 This Weekend\u201d Mehr lesenPIX11 CALENDAR, 04\/11\/2025\u201cLast Call\u201d Mehr lesenTHE BROADWAY BROADCAST, WRHU-FM, &#8230; <\/p>\n<div><a href=\"https:\/\/lastcalltheplay.com\/de\/medien-kopie\/\" class=\"more-link\">Read More<\/a><\/div>\n","protected":false},"author":1,"featured_media":0,"parent":0,"menu_order":20,"comment_status":"closed","ping_status":"closed","template":"template-blank-4.php","meta":{"_acf_changed":false,"footnotes":""},"class_list":["post-426","page","type-page","status-publish","hentry","no-post-thumbnail"],"acf":[],"yoast_head":"<!-- This site is optimized with the Yoast SEO plugin v27.4 - https:\/\/yoast.com\/product\/yoast-seo-wordpress\/ -->\n<title>Medien - Last Call<\/title>\n<meta name=\"robots\" content=\"index, follow, max-snippet:-1, max-image-preview:large, max-video-preview:-1\" \/>\n<link rel=\"canonical\" href=\"https:\/\/lastcalltheplay.com\/de\/medien-kopie\/\" \/>\n<meta property=\"og:locale\" content=\"de_DE\" \/>\n<meta property=\"og:type\" content=\"article\" \/>\n<meta property=\"og:title\" content=\"Medien - Last Call\" \/>\n<meta property=\"og:description\" content=\"Medien Anh\u00e4ngerLucca Z\u00fcchnerHelen SchneiderPeter D\u00e4nischPRESSEPAUSEN AUSTRIAN CULTURAL FORUM NY (@ACFNY VIA INSTAGRAM), 04\/24\/2025Mehr lesenPLAYBILL, 04\/21\/2025\u201cLast Chance: Schedule of Upcoming Broadway and Off-Broadway Show Closings\u201d Mehr lesenBROADWAYWORLD, 04\/18\/2025\u201cPhotos: Austrian Consul General Visit LAST CALL At New World Stages\u201d Mehr lesenPLAYBILL, 04\/17\/2025\u201c5 Off-Broadway Shows You Can See for Under $100 This Weekend\u201d Mehr lesenPIX11 CALENDAR, 04\/11\/2025\u201cLast Call\u201d Mehr lesenTHE BROADWAY BROADCAST, WRHU-FM, ... Read More\" \/>\n<meta property=\"og:url\" content=\"https:\/\/lastcalltheplay.com\/de\/medien-kopie\/\" \/>\n<meta property=\"og:site_name\" content=\"Last Call\" \/>\n<meta property=\"article:publisher\" content=\"https:\/\/www.facebook.com\/people\/Last-Call\/61568318951704\/\" \/>\n<meta property=\"article:modified_time\" content=\"2025-05-16T09:21:30+00:00\" \/>\n<meta property=\"og:image\" content=\"https:\/\/lastcalltheplay.com\/wp-content\/uploads\/8247_01_LC_Website_1200x675.jpg\" \/>\n\t<meta property=\"og:image:width\" content=\"1200\" \/>\n\t<meta property=\"og:image:height\" content=\"675\" \/>\n\t<meta property=\"og:image:type\" content=\"image\/jpeg\" \/>\n<meta name=\"twitter:card\" content=\"summary_large_image\" \/>\n<meta name=\"twitter:label1\" content=\"Gesch\u00e4tzte Lesezeit\" \/>\n\t<meta name=\"twitter:data1\" content=\"2\u00a0Minuten\" \/>\n<script type=\"application\/ld+json\" class=\"yoast-schema-graph\">{\"@context\":\"https:\\\/\\\/schema.org\",\"@graph\":[{\"@type\":\"WebPage\",\"@id\":\"https:\\\/\\\/lastcalltheplay.com\\\/de\\\/medien-kopie\\\/\",\"url\":\"https:\\\/\\\/lastcalltheplay.com\\\/de\\\/medien-kopie\\\/\",\"name\":\"Medien - Last Call\",\"isPartOf\":{\"@id\":\"https:\\\/\\\/lastcalltheplay.com\\\/de\\\/#website\"},\"datePublished\":\"2025-01-01T00:00:50+00:00\",\"dateModified\":\"2025-05-16T09:21:30+00:00\",\"breadcrumb\":{\"@id\":\"https:\\\/\\\/lastcalltheplay.com\\\/de\\\/medien-kopie\\\/#breadcrumb\"},\"inLanguage\":\"de\",\"potentialAction\":[{\"@type\":\"ReadAction\",\"target\":[\"https:\\\/\\\/lastcalltheplay.com\\\/de\\\/medien-kopie\\\/\"]}]},{\"@type\":\"BreadcrumbList\",\"@id\":\"https:\\\/\\\/lastcalltheplay.com\\\/de\\\/medien-kopie\\\/#breadcrumb\",\"itemListElement\":[{\"@type\":\"ListItem\",\"position\":1,\"name\":\"Startseite\",\"item\":\"https:\\\/\\\/lastcalltheplay.com\\\/de\\\/homepage\\\/\"},{\"@type\":\"ListItem\",\"position\":2,\"name\":\"Medien\"}]},{\"@type\":\"WebSite\",\"@id\":\"https:\\\/\\\/lastcalltheplay.com\\\/de\\\/#website\",\"url\":\"https:\\\/\\\/lastcalltheplay.com\\\/de\\\/\",\"name\":\"Last Call\",\"description\":\"\",\"publisher\":{\"@id\":\"https:\\\/\\\/lastcalltheplay.com\\\/de\\\/#organization\"},\"potentialAction\":[{\"@type\":\"SearchAction\",\"target\":{\"@type\":\"EntryPoint\",\"urlTemplate\":\"https:\\\/\\\/lastcalltheplay.com\\\/de\\\/?s={search_term_string}\"},\"query-input\":{\"@type\":\"PropertyValueSpecification\",\"valueRequired\":true,\"valueName\":\"search_term_string\"}}],\"inLanguage\":\"de\"},{\"@type\":\"Organization\",\"@id\":\"https:\\\/\\\/lastcalltheplay.com\\\/de\\\/#organization\",\"name\":\"Letzter Aufruf\",\"url\":\"https:\\\/\\\/lastcalltheplay.com\\\/de\\\/\",\"logo\":{\"@type\":\"ImageObject\",\"inLanguage\":\"de\",\"@id\":\"https:\\\/\\\/lastcalltheplay.com\\\/de\\\/#\\\/schema\\\/logo\\\/image\\\/\",\"url\":\"https:\\\/\\\/lastcalltheplay.com\\\/wp-content\\\/uploads\\\/8247_01_LC_Website_696x696.jpg\",\"contentUrl\":\"https:\\\/\\\/lastcalltheplay.com\\\/wp-content\\\/uploads\\\/8247_01_LC_Website_696x696.jpg\",\"width\":696,\"height\":696,\"caption\":\"Letzter Aufruf\"},\"image\":{\"@id\":\"https:\\\/\\\/lastcalltheplay.com\\\/de\\\/#\\\/schema\\\/logo\\\/image\\\/\"},\"sameAs\":[\"https:\\\/\\\/www.facebook.com\\\/people\\\/Last-Call\\\/61568318951704\\\/\",\"https:\\\/\\\/www.instagram.com\\\/lastcallplay\\\/?utm_source=ig_web_button_share_sheet\"]}]}<\/script>\n<!-- \/ Yoast SEO plugin. -->","yoast_head_json":{"title":"Medien - Last Call","robots":{"index":"index","follow":"follow","max-snippet":"max-snippet:-1","max-image-preview":"max-image-preview:large","max-video-preview":"max-video-preview:-1"},"canonical":"https:\/\/lastcalltheplay.com\/de\/medien-kopie\/","og_locale":"de_DE","og_type":"article","og_title":"Medien - Last Call","og_description":"Medien Anh\u00e4ngerLucca Z\u00fcchnerHelen SchneiderPeter D\u00e4nischPRESSEPAUSEN AUSTRIAN CULTURAL FORUM NY (@ACFNY VIA INSTAGRAM), 04\/24\/2025Mehr lesenPLAYBILL, 04\/21\/2025\u201cLast Chance: Schedule of Upcoming Broadway and Off-Broadway Show Closings\u201d Mehr lesenBROADWAYWORLD, 04\/18\/2025\u201cPhotos: Austrian Consul General Visit LAST CALL At New World Stages\u201d Mehr lesenPLAYBILL, 04\/17\/2025\u201c5 Off-Broadway Shows You Can See for Under $100 This Weekend\u201d Mehr lesenPIX11 CALENDAR, 04\/11\/2025\u201cLast Call\u201d Mehr lesenTHE BROADWAY BROADCAST, WRHU-FM, ... Read More","og_url":"https:\/\/lastcalltheplay.com\/de\/medien-kopie\/","og_site_name":"Last Call","article_publisher":"https:\/\/www.facebook.com\/people\/Last-Call\/61568318951704\/","article_modified_time":"2025-05-16T09:21:30+00:00","og_image":[{"width":1200,"height":675,"url":"https:\/\/lastcalltheplay.com\/wp-content\/uploads\/8247_01_LC_Website_1200x675.jpg","type":"image\/jpeg"}],"twitter_card":"summary_large_image","twitter_misc":{"Gesch\u00e4tzte Lesezeit":"2\u00a0Minuten"},"schema":{"@context":"https:\/\/schema.org","@graph":[{"@type":"WebPage","@id":"https:\/\/lastcalltheplay.com\/de\/medien-kopie\/","url":"https:\/\/lastcalltheplay.com\/de\/medien-kopie\/","name":"Medien - Last Call","isPartOf":{"@id":"https:\/\/lastcalltheplay.com\/de\/#website"},"datePublished":"2025-01-01T00:00:50+00:00","dateModified":"2025-05-16T09:21:30+00:00","breadcrumb":{"@id":"https:\/\/lastcalltheplay.com\/de\/medien-kopie\/#breadcrumb"},"inLanguage":"de","potentialAction":[{"@type":"ReadAction","target":["https:\/\/lastcalltheplay.com\/de\/medien-kopie\/"]}]},{"@type":"BreadcrumbList","@id":"https:\/\/lastcalltheplay.com\/de\/medien-kopie\/#breadcrumb","itemListElement":[{"@type":"ListItem","position":1,"name":"Startseite","item":"https:\/\/lastcalltheplay.com\/de\/homepage\/"},{"@type":"ListItem","position":2,"name":"Medien"}]},{"@type":"WebSite","@id":"https:\/\/lastcalltheplay.com\/de\/#website","url":"https:\/\/lastcalltheplay.com\/de\/","name":"Last Call","description":"","publisher":{"@id":"https:\/\/lastcalltheplay.com\/de\/#organization"},"potentialAction":[{"@type":"SearchAction","target":{"@type":"EntryPoint","urlTemplate":"https:\/\/lastcalltheplay.com\/de\/?s={search_term_string}"},"query-input":{"@type":"PropertyValueSpecification","valueRequired":true,"valueName":"search_term_string"}}],"inLanguage":"de"},{"@type":"Organization","@id":"https:\/\/lastcalltheplay.com\/de\/#organization","name":"Letzter Aufruf","url":"https:\/\/lastcalltheplay.com\/de\/","logo":{"@type":"ImageObject","inLanguage":"de","@id":"https:\/\/lastcalltheplay.com\/de\/#\/schema\/logo\/image\/","url":"https:\/\/lastcalltheplay.com\/wp-content\/uploads\/8247_01_LC_Website_696x696.jpg","contentUrl":"https:\/\/lastcalltheplay.com\/wp-content\/uploads\/8247_01_LC_Website_696x696.jpg","width":696,"height":696,"caption":"Letzter Aufruf"},"image":{"@id":"https:\/\/lastcalltheplay.com\/de\/#\/schema\/logo\/image\/"},"sameAs":["https:\/\/www.facebook.com\/people\/Last-Call\/61568318951704\/","https:\/\/www.instagram.com\/lastcallplay\/?utm_source=ig_web_button_share_sheet"]}]}},"_links":{"self":[{"href":"https:\/\/lastcalltheplay.com\/de\/wp-json\/wp\/v2\/pages\/426","targetHints":{"allow":["GET"]}}],"collection":[{"href":"https:\/\/lastcalltheplay.com\/de\/wp-json\/wp\/v2\/pages"}],"about":[{"href":"https:\/\/lastcalltheplay.com\/de\/wp-json\/wp\/v2\/types\/page"}],"author":[{"embeddable":true,"href":"https:\/\/lastcalltheplay.com\/de\/wp-json\/wp\/v2\/users\/1"}],"replies":[{"embeddable":true,"href":"https:\/\/lastcalltheplay.com\/de\/wp-json\/wp\/v2\/comments?post=426"}],"version-history":[{"count":3,"href":"https:\/\/lastcalltheplay.com\/de\/wp-json\/wp\/v2\/pages\/426\/revisions"}],"predecessor-version":[{"id":473,"href":"https:\/\/lastcalltheplay.com\/de\/wp-json\/wp\/v2\/pages\/426\/revisions\/473"}],"wp:attachment":[{"href":"https:\/\/lastcalltheplay.com\/de\/wp-json\/wp\/v2\/media?parent=426"}],"curies":[{"name":"wp","href":"https:\/\/api.w.org\/{rel}","templated":true}]}}